{"id":990,"date":"2024-02-20T22:42:07","date_gmt":"2024-02-21T06:42:07","guid":{"rendered":"http:\/\/demo.17thavenuedesigns.com\/vivienne\/?page_id=990"},"modified":"2025-07-16T14:23:12","modified_gmt":"2025-07-16T14:23:12","slug":"disclosure","status":"publish","type":"page","link":"https:\/\/foxyseoul.com\/cs\/disclosure\/","title":{"rendered":"Pr\u00e1vn\u00ed informace"},"content":{"rendered":"<p>V\u00edtej na Foxy Seoul \u2014 \u00fatuln\u00e9m koutku pln\u00e9m korejsk\u00fdch p\u0159\u00edb\u011bh\u016f, kultury a inspirace.<\/p>\n\n\n\n<p>Tento web je nez\u00e1visl\u00fd a vznik\u00e1 z \u010dist\u00e9 radosti, zv\u011bdavosti a l\u00e1sky ke korejsk\u00e9mu vypr\u00e1v\u011bn\u00ed a pomal\u00e9mu, v\u011bdom\u00e9mu \u017eivotu. V\u0161echny recenze, \u010dl\u00e1nky, post\u0159ehy i vizu\u00e1ly jsou tvo\u0159eny s p\u00e9\u010d\u00ed, v\u00e1\u0161n\u00ed a osobn\u00edm p\u0159\u00edstupem.<\/p>\n\n\n\n<p>Na webu moment\u00e1ln\u011b nenajde\u0161 \u017e\u00e1dn\u00fd sponzorovan\u00fd obsah ani placen\u00e9 spolupr\u00e1ce. Pokud by se v budoucnu n\u011bco zm\u011bnilo, bude to v\u017edy jasn\u011b ozna\u010deno.<\/p>\n\n\n\n<p>Najde\u0161 tu ale odkaz na <strong>Ko-fi<\/strong> , kter\u00fd slou\u017e\u00ed jako mo\u017enost dobrovoln\u011b podpo\u0159it moji tvorbu \u2014 pokud t\u011b Foxy Seoul t\u011b\u0161\u00ed a chce\u0161 se symbolicky odvd\u011b\u010dit. Nen\u00ed to nutn\u00e9 ani o\u010dek\u00e1van\u00e9. Tv\u016fj z\u00e1jem, podpora a to, \u017ee tady jsi, je u\u017e samo o sob\u011b obrovsk\u00fdm darem. \ud83d\udc9b<\/p>\n\n\n\n<p>Pokud nen\u00ed uvedeno jinak, v\u0161echen textov\u00fd i vizu\u00e1ln\u00ed obsah je m\u00fdm origin\u00e1ln\u00edm d\u00edlem a je chr\u00e1n\u011bn autorsk\u00fdm pr\u00e1vem. Pros\u00edm, nekop\u00edruj bez souhlasu. Sd\u00edlet m\u016f\u017ee\u0161, kdy\u017e uvede\u0161 zdroj a odkaz.<\/p>\n\n\n\n<p>M\u00e1\u0161 dotaz, n\u00e1pad nebo z\u00e1jem o spolupr\u00e1ci? Ozvi se p\u0159es str\u00e1nku <a href=\"https:\/\/foxyseoul.com\/cs\/contact\/\" title=\"\">Kontakt<\/a>.<\/p>\n\n\n\n<p>D\u011bkuji, \u017ee jsi tady. V\u017edy jsi v\u00edt\u00e1n v tomhle mal\u00e9m, \u00fatuln\u00e9m koutku internetu. <\/p>\n\n\n\n<p><strong>Va\u0161e Foxy<\/strong> \ud83e\udd8a<\/p>","protected":false},"excerpt":{"rendered":"<p>Welcome to Foxy Seoul \u2014 your cozy corner of Korean drama, culture, and storytelling. This site is independently run and fueled by a genuine passion for Korean stories, creative writing, and the small joys of slow living. All content \u2014 from blog posts and reviews to visuals and recommendations \u2014 is written with heart, honesty,&#8230;<\/p>","protected":false},"author":1,"featured_media":0,"parent":0,"menu_order":0,"comment_status":"closed","ping_status":"closed","template":"","meta":{"om_disable_all_campaigns":false,"_monsterinsights_skip_tracking":false,"_monsterinsights_sitenote_active":false,"_monsterinsights_sitenote_note":"","_monsterinsights_sitenote_category":0,"_kadence_starter_templates_imported_post":true,"_kad_post_transparent":"","_kad_post_title":"","_kad_post_layout":"","_kad_post_sidebar_id":"","_kad_post_content_style":"","_kad_post_vertical_padding":"","_kad_post_feature":"","_kad_post_feature_position":"","_kad_post_header":false,"_kad_post_footer":false,"_kad_post_classname":"","footnotes":""},"class_list":["post-990","page","type-page","status-publish","hentry"],"aioseo_notices":[],"_links":{"self":[{"href":"https:\/\/foxyseoul.com\/cs\/wp-json\/wp\/v2\/pages\/990","targetHints":{"allow":["GET"]}}],"collection":[{"href":"https:\/\/foxyseoul.com\/cs\/wp-json\/wp\/v2\/pages"}],"about":[{"href":"https:\/\/foxyseoul.com\/cs\/wp-json\/wp\/v2\/types\/page"}],"author":[{"embeddable":true,"href":"https:\/\/foxyseoul.com\/cs\/wp-json\/wp\/v2\/users\/1"}],"replies":[{"embeddable":true,"href":"https:\/\/foxyseoul.com\/cs\/wp-json\/wp\/v2\/comments?post=990"}],"version-history":[{"count":2,"href":"https:\/\/foxyseoul.com\/cs\/wp-json\/wp\/v2\/pages\/990\/revisions"}],"predecessor-version":[{"id":10478,"href":"https:\/\/foxyseoul.com\/cs\/wp-json\/wp\/v2\/pages\/990\/revisions\/10478"}],"wp:attachment":[{"href":"https:\/\/foxyseoul.com\/cs\/wp-json\/wp\/v2\/media?parent=990"}],"curies":[{"name":"wp","href":"https:\/\/api.w.org\/{rel}","templated":true}]}}